{"id":1317,"date":"2025-09-02T14:20:08","date_gmt":"2025-09-02T12:20:08","guid":{"rendered":"https:\/\/www.jetricotetutricotes.ch\/?page_id=1317"},"modified":"2026-02-21T12:37:08","modified_gmt":"2026-02-21T11:37:08","slug":"atelier-2-chaussettes","status":"publish","type":"page","link":"https:\/\/www.jetricotetutricotes.ch\/index.php\/les-ateliers\/atelier-2-chaussettes\/","title":{"rendered":"Atelier 2 chaussettes"},"content":{"rendered":"\n<h2 class=\"wp-block-heading has-text-align-center\" style=\"font-size:1.5rem\">TRICOTER 2 CHAUSSETTES en m\u00eame temps<\/h2>\n\n\n\n<div class=\"wp-block-group has-small-font-size is-content-justification-center is-layout-flex wp-container-core-group-is-layout-b02886af wp-block-group-is-layout-flex\">\n<figure class=\"wp-block-image aligncenter size-large is-resized\"><img loading=\"lazy\" decoding=\"async\" width=\"769\" height=\"1024\" src=\"https:\/\/www.jetricotetutricotes.ch\/wp-content\/uploads\/2025\/02\/IMG_2525-1-769x1024.jpeg\" alt=\"\" class=\"wp-image-543\" style=\"width:auto;height:140px\" srcset=\"https:\/\/www.jetricotetutricotes.ch\/wp-content\/uploads\/2025\/02\/IMG_2525-1-769x1024.jpeg 769w, https:\/\/www.jetricotetutricotes.ch\/wp-content\/uploads\/2025\/02\/IMG_2525-1-225x300.jpeg 225w, https:\/\/www.jetricotetutricotes.ch\/wp-content\/uploads\/2025\/02\/IMG_2525-1-768x1023.jpeg 768w, https:\/\/www.jetricotetutricotes.ch\/wp-content\/uploads\/2025\/02\/IMG_2525-1-1153x1536.jpeg 1153w, https:\/\/www.jetricotetutricotes.ch\/wp-content\/uploads\/2025\/02\/IMG_2525-1-1537x2048.jpeg 1537w, https:\/\/www.jetricotetutricotes.ch\/wp-content\/uploads\/2025\/02\/IMG_2525-1-scaled.jpeg 1922w\" sizes=\"auto, (max-width: 769px) 100vw, 769px\" \/><\/figure>\n\n\n\n<figure class=\"wp-block-image size-full is-resized\"><img loading=\"lazy\" decoding=\"async\" width=\"2560\" height=\"2207\" src=\"https:\/\/www.jetricotetutricotes.ch\/wp-content\/uploads\/2025\/09\/IMG_2361-1-scaled.jpeg\" alt=\"\" class=\"wp-image-1324\" style=\"width:auto;height:140px\" srcset=\"https:\/\/www.jetricotetutricotes.ch\/wp-content\/uploads\/2025\/09\/IMG_2361-1-scaled.jpeg 2560w, https:\/\/www.jetricotetutricotes.ch\/wp-content\/uploads\/2025\/09\/IMG_2361-1-300x259.jpeg 300w, https:\/\/www.jetricotetutricotes.ch\/wp-content\/uploads\/2025\/09\/IMG_2361-1-1024x883.jpeg 1024w, https:\/\/www.jetricotetutricotes.ch\/wp-content\/uploads\/2025\/09\/IMG_2361-1-768x662.jpeg 768w, https:\/\/www.jetricotetutricotes.ch\/wp-content\/uploads\/2025\/09\/IMG_2361-1-1536x1324.jpeg 1536w, https:\/\/www.jetricotetutricotes.ch\/wp-content\/uploads\/2025\/09\/IMG_2361-1-2048x1766.jpeg 2048w\" sizes=\"auto, (max-width: 2560px) 100vw, 2560px\" \/><\/figure>\n<\/div>\n\n\n\n<div class=\"wp-block-group has-border-color has-tertiary-border-color is-vertical is-content-justification-center is-layout-flex wp-container-core-group-is-layout-64bf8296 wp-block-group-is-layout-flex\" style=\"border-width:2px;border-radius:5px\">\n<p class=\"has-tertiary-color has-text-color has-link-color wp-elements-a1951c44d1c696103dc39e0f6885109f\" style=\"font-size:1.1rem\"><strong>PROCHAIN ATELIER<\/strong><\/p>\n\n\n\n<p class=\"has-text-align-center has-foreground-color has-text-color has-link-color wp-elements-b8924799d0f68a432c779a48c8613750\" style=\"font-size:1.1rem\"><s><strong>Jeudi 26 F\u00e9vrier<\/strong> <strong>&amp;<\/strong> <strong>Jeudi 12 Mars<\/strong><\/s><strong>  COMPLET<\/strong><\/p>\n\n\n\n<p class=\"has-foreground-color has-text-color has-link-color wp-elements-1ebfdfb90b7858b51786e3f1204d70f5\" style=\"font-size:1.1rem\">14h00 \u00e0 16h00 <\/p>\n<\/div>\n\n\n\n<div class=\"wp-block-group has-border-color has-tertiary-border-color is-layout-constrained wp-container-core-group-is-layout-f90d3be4 wp-block-group-is-layout-constrained\" style=\"border-width:2px;border-radius:10px;padding-top:var(--wp--preset--spacing--40);padding-right:var(--wp--preset--spacing--30);padding-bottom:var(--wp--preset--spacing--40);padding-left:var(--wp--preset--spacing--30)\">\n<div class=\"wp-block-group is-layout-constrained wp-block-group-is-layout-constrained\">\n<p class=\"has-text-align-center\" style=\"font-size:16px\"><strong>Durant cet atelier vous d\u00e9couvrirez les diff\u00e9rentes \u00e9tapes pour tricoter 2 chaussettes en m\u00eame temps sur une seule aiguille circulaire !<\/strong><\/p>\n\n\n\n<p class=\"has-text-align-center\" style=\"margin-top:var(--wp--preset--spacing--40);margin-right:0;margin-left:0;padding-left:0;font-size:16px\"><strong>L&rsquo;atelier se fait en<\/strong> <strong>2 cours de 2 heures<\/strong><\/p>\n\n\n\n<div class=\"wp-block-group has-border-color has-tertiary-border-color is-vertical is-content-justification-center is-layout-flex wp-container-core-group-is-layout-66266992 wp-block-group-is-layout-flex\" style=\"border-style:dotted;border-width:2px;border-radius:6px;padding-top:var(--wp--preset--spacing--20);padding-right:var(--wp--preset--spacing--20);padding-bottom:var(--wp--preset--spacing--20);padding-left:var(--wp--preset--spacing--20)\">\n<h3 class=\"wp-block-heading has-text-align-center\" style=\"padding-top:0;padding-bottom:0;font-size:1.3rem\">Mat\u00e9riel N\u00e9cessaire<\/h3>\n\n\n\n<ul style=\"border-style:none;border-width:0px;margin-top:0;margin-bottom:0;padding-top:0;padding-bottom:0;padding-left:var(--wp--preset--spacing--50)\" class=\"wp-block-list has-small-font-size\">\n<li style=\"font-size:16px\">une <strong>aiguille circulaire<\/strong> :  \n<ul style=\"padding-left:var(--wp--preset--spacing--30)\" class=\"wp-block-list\">\n<li style=\"font-size:14px\">je conseille une <strong>taille entre 3,5 et 4 mm<\/strong> pour d\u00e9buter<\/li>\n\n\n\n<li style=\"font-size:14px\">avec un <strong>c\u00e2ble de 80cm<\/strong> minimum<\/li>\n<\/ul>\n<\/li>\n\n\n\n<li style=\"font-size:16px\"><strong>Deux pelotes<\/strong> de laine \u00e0 chaussettes <strong>de coloris diff\u00e9rents <\/strong>adapt\u00e9e \u00e0 l&rsquo;aiguille<\/li>\n<\/ul>\n\n\n\n<p class=\"has-text-align-left\" style=\"font-size:15px\">Venez avec <strong>votre mat\u00e9riel<\/strong> ou dites-moi si vous pr\u00e9f\u00e9rez que <strong>je vous le fournisse<\/strong> (pr\u00e9voir un suppl\u00e9ment de 3 \u00e0 15chf selon le mat\u00e9riel utilis\u00e9) ou <strong>vous le pr\u00eate<\/strong>.<\/p>\n<\/div>\n\n\n\n<div class=\"wp-block-group is-layout-constrained wp-block-group-is-layout-constrained\">\n<p class=\"has-text-align-center\" style=\"font-size:16px\">Pour profiter pleinement de l&rsquo;atelier<\/p>\n\n\n\n<p class=\"has-text-align-center\" style=\"margin-top:var(--wp--preset--spacing--20);margin-bottom:var(--wp--preset--spacing--20);font-size:16px\"><strong><mark style=\"background-color:rgba(0, 0, 0, 0)\" class=\"has-inline-color has-tertiary-color\">IL FAUT D\u00c9J\u00c0 SAVOIR TRICOTER<\/mark><\/strong><\/p>\n\n\n\n<p class=\"has-text-align-center\" style=\"margin-top:0;padding-top:0;font-size:16px\">(tricoter des rangs envers, des rangs endroits et faire des augmentations).<\/p>\n<\/div>\n\n\n\n<p class=\"has-text-align-center\" style=\"margin-top:var(--wp--preset--spacing--30);font-size:16px\">Si vous savez d\u00e9j\u00e0 tricoter des chaussettes c&rsquo;est encore mieux !<\/p>\n\n\n\n<div class=\"wp-block-group has-border-color is-layout-constrained wp-block-group-is-layout-constrained\" style=\"border-color:#f17020;border-style:dotted;border-width:2px;border-radius:7px\">\n<p class=\"has-text-align-center\" style=\"font-size:1.5rem;line-height:1.5\"><strong><mark style=\"background-color:rgba(0, 0, 0, 0)\" class=\"has-inline-color has-tertiary-color\">Tarif : 80CHF <\/mark><\/strong><\/p>\n\n\n\n<p class=\"has-text-align-center\" style=\"margin-top:0;margin-bottom:0;font-size:16px;line-height:1.5\"><em>(cela comprend les 2 cours)<\/em><\/p>\n\n\n\n<p class=\"has-text-align-center\" style=\"margin-top:var(--wp--preset--spacing--20);font-size:16px\"><strong>Le paiement se fait sur place<\/strong><\/p>\n\n\n\n<p class=\"has-text-align-center\" style=\"margin-top:0;margin-bottom:var(--wp--preset--spacing--20);font-size:16px\"><strong>en cash ou par twint.<\/strong><\/p>\n<\/div>\n\n\n\n<p class=\"has-text-align-center\" style=\"font-size:16px\">L&rsquo;atelier a lieu d\u00e8s 2 personnes inscrites.<\/p>\n\n\n\n<hr class=\"wp-block-separator has-alpha-channel-opacity\"\/>\n\n\n\n<p class=\"has-text-align-center\" style=\"font-size:16px\"><strong>Les cours ont lieu \u00e0<\/strong>&nbsp; <a href=\"https:\/\/www.google.ch\/maps\/place\/Grandvaux,+Bourg-en-Lavaux\/@46.4829567,6.6818155,13z\/data=!3m1!4b1!4m6!3m5!1s0x478c28bce6155141:0xd5225e599a268e95!8m2!3d46.5030476!4d6.7215736!16zL20vMDJzOGN3?hl=fr&amp;entry=ttu&amp;g_ep=EgoyMDI1MDEyNy4wIKXMDSoASAFQAw%3D%3D\" target=\"_blank\" rel=\"noreferrer noopener\">Grandvaux<\/a>.<\/p>\n\n\n\n<p class=\"has-text-align-center\" style=\"margin-top:var(--wp--preset--spacing--20);font-size:16px\">L\u2019adresse exacte est confirm\u00e9e quelques jours avant le cours ou l\u2019atelier.<\/p>\n\n\n\n<hr class=\"wp-block-separator has-alpha-channel-opacity\"\/>\n\n\n\n\n<\/div>\n<\/div>\n","protected":false},"excerpt":{"rendered":"<p>TRICOTER 2 CHAUSSETTES en m\u00eame temps PROCHAIN ATELIER Jeudi 26 F\u00e9vrier &amp; Jeudi 12 Mars COMPLET 14h00 \u00e0 16h00 Durant cet atelier vous d\u00e9couvrirez les diff\u00e9rentes \u00e9tapes pour tricoter 2 chaussettes en m\u00eame temps sur une seule aiguille circulaire ! L&rsquo;atelier se fait en 2 cours de 2 heures Mat\u00e9riel N\u00e9cessaire Venez avec votre mat\u00e9riel [&hellip;]<\/p>\n","protected":false},"author":1,"featured_media":0,"parent":354,"menu_order":0,"comment_status":"closed","ping_status":"closed","template":"","meta":{"advanced_seo_description":"","jetpack_seo_html_title":"","jetpack_seo_noindex":false,"footnotes":""},"class_list":["post-1317","page","type-page","status-publish","hentry"],"jetpack_sharing_enabled":true,"_links":{"self":[{"href":"https:\/\/www.jetricotetutricotes.ch\/index.php\/wp-json\/wp\/v2\/pages\/1317","targetHints":{"allow":["GET"]}}],"collection":[{"href":"https:\/\/www.jetricotetutricotes.ch\/index.php\/wp-json\/wp\/v2\/pages"}],"about":[{"href":"https:\/\/www.jetricotetutricotes.ch\/index.php\/wp-json\/wp\/v2\/types\/page"}],"author":[{"embeddable":true,"href":"https:\/\/www.jetricotetutricotes.ch\/index.php\/wp-json\/wp\/v2\/users\/1"}],"replies":[{"embeddable":true,"href":"https:\/\/www.jetricotetutricotes.ch\/index.php\/wp-json\/wp\/v2\/comments?post=1317"}],"version-history":[{"count":23,"href":"https:\/\/www.jetricotetutricotes.ch\/index.php\/wp-json\/wp\/v2\/pages\/1317\/revisions"}],"predecessor-version":[{"id":1672,"href":"https:\/\/www.jetricotetutricotes.ch\/index.php\/wp-json\/wp\/v2\/pages\/1317\/revisions\/1672"}],"up":[{"embeddable":true,"href":"https:\/\/www.jetricotetutricotes.ch\/index.php\/wp-json\/wp\/v2\/pages\/354"}],"wp:attachment":[{"href":"https:\/\/www.jetricotetutricotes.ch\/index.php\/wp-json\/wp\/v2\/media?parent=1317"}],"curies":[{"name":"wp","href":"https:\/\/api.w.org\/{rel}","templated":true}]}}