{"id":551,"date":"2025-02-25T11:43:40","date_gmt":"2025-02-25T10:43:40","guid":{"rendered":"https:\/\/www.jetricotetutricotes.ch\/?page_id=551"},"modified":"2026-04-10T11:53:36","modified_gmt":"2026-04-10T09:53:36","slug":"atelier-debutants","status":"publish","type":"page","link":"https:\/\/www.jetricotetutricotes.ch\/index.php\/les-ateliers\/atelier-debutants\/","title":{"rendered":"Atelier D\u00e9butants"},"content":{"rendered":"\n<h2 class=\"wp-block-heading has-text-align-center\" style=\"padding-top:0;padding-bottom:0;font-size:1.5rem\">ATELIER D\u00c9BUTANT<\/h2>\n\n\n\n<div class=\"wp-block-group has-border-color has-tertiary-border-color is-vertical is-content-justification-center is-layout-flex wp-container-core-group-is-layout-b85353c2 wp-block-group-is-layout-flex\" style=\"border-width:2px;border-radius:5px\">\n<p class=\"has-tertiary-color has-text-color has-link-color wp-elements-3fc527f8240e9bc16105ed80191511ad\" style=\"font-size:1.3rem\"><strong>PROCHAIN ATELIER <\/strong><\/p>\n\n\n\n<p class=\"has-tertiary-color has-text-color has-link-color wp-elements-f005000366b3854958ef9226805094cd\">Nouvelles dates \u00e0 partir de Septembre 2026<\/p>\n<\/div>\n\n\n\n<div class=\"wp-block-group has-border-color is-vertical is-content-justification-center is-layout-flex wp-container-core-group-is-layout-491123fe wp-block-group-is-layout-flex\" style=\"border-color:#f17020;border-width:2px;border-radius:10px;padding-top:var(--wp--preset--spacing--30);padding-right:var(--wp--preset--spacing--20);padding-bottom:var(--wp--preset--spacing--30);padding-left:var(--wp--preset--spacing--20)\">\n<div class=\"wp-block-group is-layout-constrained wp-block-group-is-layout-constrained\">\n<div class=\"wp-block-group is-layout-constrained wp-container-core-group-is-layout-19e250f3 wp-block-group-is-layout-constrained\">\n<p class=\"has-text-align-center\" style=\"border-style:none;border-width:0px;margin-top:var(--wp--preset--spacing--20);margin-bottom:var(--wp--preset--spacing--20);padding-top:0;padding-bottom:0;font-size:16px\"><strong>Vous \u00eates totalement novice au tricot ?<\/strong><\/p>\n<\/div>\n\n\n\n<p class=\"has-text-align-center\" style=\"margin-top:var(--wp--preset--spacing--40);margin-bottom:0;font-size:16px;font-style:normal;font-weight:500\"><strong>Lors de cet atelier de 2h30, vous apprendrez les bases du tricot.<\/strong><\/p>\n\n\n\n<p class=\"has-text-align-center\" style=\"margin-top:0;margin-bottom:0;font-size:16px;font-style:normal;font-weight:500\">Vous pourrez aussi, \u00e9ventuellement, d\u00e9marrer un petit projet adapt\u00e9.<\/p>\n\n\n\n<p class=\"has-text-align-center\" style=\"font-size:16px\">L&rsquo;atelier se fait en petit groupe de 3 \u00e0 4 personnes maximum.<\/p>\n\n\n\n<div class=\"wp-block-group has-border-color has-tertiary-border-color is-vertical is-content-justification-center is-layout-flex wp-container-core-group-is-layout-42d91020 wp-block-group-is-layout-flex\" style=\"border-style:dotted;border-width:2px;border-radius:7px;padding-top:var(--wp--preset--spacing--20);padding-right:var(--wp--preset--spacing--20);padding-bottom:var(--wp--preset--spacing--20);padding-left:var(--wp--preset--spacing--20)\">\n<p class=\"has-text-align-center has-tertiary-color has-text-color has-link-color wp-elements-32b806fcb47c55b98e7b00b5ec231bc8\" style=\"font-size:1.3rem\"><strong>Mat\u00e9riel n\u00e9cessaire <\/strong>: <\/p>\n\n\n\n<ul style=\"font-size:16px\" class=\"wp-block-list\">\n<li style=\"font-size:16px\"><strong>Une aiguille circulaire de 4 \u00e0 5mm avec un c\u00e2ble d&rsquo;au moins 80cm<\/strong><\/li>\n\n\n\n<li style=\"font-size:16px\"><strong>Laine adapt\u00e9e \u00e0 la taille de l&rsquo;aiguille <\/strong><\/li>\n<\/ul>\n\n\n\n<p class=\"has-text-align-left\" style=\"font-size:15px\">Venez avec <strong>votre mat\u00e9riel<\/strong> ou dites-moi si vous pr\u00e9f\u00e9rez que <strong>je vous le fournisse<\/strong> (pr\u00e9voir un suppl\u00e9ment de 3 \u00e0 15chf selon le mat\u00e9riel utilis\u00e9) ou <strong>vous le pr\u00eate<\/strong>.<\/p>\n<\/div>\n\n\n\n<div class=\"wp-block-group has-border-color has-tertiary-border-color is-layout-constrained wp-block-group-is-layout-constrained\" style=\"border-style:dotted;border-width:2px;border-radius:5px\">\n<p class=\"has-text-align-center has-tertiary-color has-text-color has-link-color wp-elements-da4cd84f2456aef0d1754aa64a2eb610\" style=\"font-size:1.5rem\"><strong>Tarif : 60Chf<\/strong><\/p>\n\n\n\n<p class=\"has-text-align-center\" style=\"margin-top:var(--wp--preset--spacing--40);font-size:16px;font-style:normal;font-weight:700\">Le paiement se fait sur place en cash ou par twint.<\/p>\n<\/div>\n\n\n\n<hr class=\"wp-block-separator has-alpha-channel-opacity\" style=\"margin-top:var(--wp--preset--spacing--20);margin-bottom:var(--wp--preset--spacing--20)\"\/>\n\n\n\n<p class=\"has-text-align-center\" style=\"margin-top:var(--wp--preset--spacing--20);margin-bottom:var(--wp--preset--spacing--20);font-size:16px\">L&rsquo;atelier a lieu d\u00e8s 2 personnes inscrites.<\/p>\n\n\n\n<hr class=\"wp-block-separator has-alpha-channel-opacity\" style=\"margin-top:var(--wp--preset--spacing--30);margin-bottom:var(--wp--preset--spacing--30)\"\/>\n\n\n\n<p class=\"has-text-align-center\" style=\"margin-top:var(--wp--preset--spacing--30);font-size:16px\"><strong>Les cours ont lieu \u00e0<\/strong>&nbsp; <a href=\"https:\/\/www.google.ch\/maps\/place\/Grandvaux,+Bourg-en-Lavaux\/@46.4829567,6.6818155,13z\/data=!3m1!4b1!4m6!3m5!1s0x478c28bce6155141:0xd5225e599a268e95!8m2!3d46.5030476!4d6.7215736!16zL20vMDJzOGN3?hl=fr&amp;entry=ttu&amp;g_ep=EgoyMDI1MDEyNy4wIKXMDSoASAFQAw%3D%3D\" target=\"_blank\" rel=\"noreferrer noopener\">Grandvaux<\/a>.<\/p>\n\n\n\n<p class=\"has-text-align-center\" style=\"margin-top:var(--wp--preset--spacing--20);font-size:16px\">L\u2019adresse exacte est confirm\u00e9e quelques jours avant le cours ou l\u2019atelier.<\/p>\n\n\n\n<hr class=\"wp-block-separator has-alpha-channel-opacity\" style=\"margin-top:var(--wp--preset--spacing--30)\"\/>\n\n\n\n\n<\/div>\n<\/div>\n","protected":false},"excerpt":{"rendered":"<p>ATELIER D\u00c9BUTANT PROCHAIN ATELIER Nouvelles dates \u00e0 partir de Septembre 2026 Vous \u00eates totalement novice au tricot ? Lors de cet atelier de 2h30, vous apprendrez les bases du tricot. Vous pourrez aussi, \u00e9ventuellement, d\u00e9marrer un petit projet adapt\u00e9. L&rsquo;atelier se fait en petit groupe de 3 \u00e0 4 personnes maximum. Mat\u00e9riel n\u00e9cessaire : Venez [&hellip;]<\/p>\n","protected":false},"author":1,"featured_media":0,"parent":354,"menu_order":0,"comment_status":"closed","ping_status":"closed","template":"","meta":{"advanced_seo_description":"","jetpack_seo_html_title":"","jetpack_seo_noindex":false,"footnotes":""},"class_list":["post-551","page","type-page","status-publish","hentry"],"jetpack_sharing_enabled":true,"_links":{"self":[{"href":"https:\/\/www.jetricotetutricotes.ch\/index.php\/wp-json\/wp\/v2\/pages\/551","targetHints":{"allow":["GET"]}}],"collection":[{"href":"https:\/\/www.jetricotetutricotes.ch\/index.php\/wp-json\/wp\/v2\/pages"}],"about":[{"href":"https:\/\/www.jetricotetutricotes.ch\/index.php\/wp-json\/wp\/v2\/types\/page"}],"author":[{"embeddable":true,"href":"https:\/\/www.jetricotetutricotes.ch\/index.php\/wp-json\/wp\/v2\/users\/1"}],"replies":[{"embeddable":true,"href":"https:\/\/www.jetricotetutricotes.ch\/index.php\/wp-json\/wp\/v2\/comments?post=551"}],"version-history":[{"count":63,"href":"https:\/\/www.jetricotetutricotes.ch\/index.php\/wp-json\/wp\/v2\/pages\/551\/revisions"}],"predecessor-version":[{"id":1835,"href":"https:\/\/www.jetricotetutricotes.ch\/index.php\/wp-json\/wp\/v2\/pages\/551\/revisions\/1835"}],"up":[{"embeddable":true,"href":"https:\/\/www.jetricotetutricotes.ch\/index.php\/wp-json\/wp\/v2\/pages\/354"}],"wp:attachment":[{"href":"https:\/\/www.jetricotetutricotes.ch\/index.php\/wp-json\/wp\/v2\/media?parent=551"}],"curies":[{"name":"wp","href":"https:\/\/api.w.org\/{rel}","templated":true}]}}