{"id":656,"date":"2025-03-14T10:21:22","date_gmt":"2025-03-14T09:21:22","guid":{"rendered":"https:\/\/www.jetricotetutricotes.ch\/?page_id=656"},"modified":"2026-03-31T20:56:06","modified_gmt":"2026-03-31T18:56:06","slug":"atelier-tricot-circulaire","status":"publish","type":"page","link":"https:\/\/www.jetricotetutricotes.ch\/index.php\/les-ateliers\/atelier-tricot-circulaire\/","title":{"rendered":"Atelier Tricot Circulaire"},"content":{"rendered":"\n<h2 class=\"wp-block-heading has-text-align-center\" style=\"font-size:1.5rem\">TRICOTER EN CIRCULAIRE : Le pull Top-Down<\/h2>\n\n\n\n<div class=\"wp-block-group has-border-color has-tertiary-border-color is-vertical is-content-justification-center is-layout-flex wp-container-core-group-is-layout-b85353c2 wp-block-group-is-layout-flex\" style=\"border-width:2px;border-radius:5px\">\n<p class=\"has-tertiary-color has-text-color has-link-color wp-elements-a687d3ffcbcfdadfb6311c140c356bea\" style=\"font-size:1.3rem\"><strong>PROCHAIN ATELIER<\/strong><\/p>\n\n\n\n<p><s><strong>Dimanche 8 Mars<\/strong> 13h30 \u00e0 17h30<\/s> <strong>COMPLET<\/strong><\/p>\n\n\n\n<p><strong>Samedi 11 Avril<\/strong>   13h30 \u00e0 17h30<\/p>\n<\/div>\n\n\n\n<div class=\"wp-block-group has-border-color is-vertical is-content-justification-center is-layout-flex wp-container-core-group-is-layout-0c89afd9 wp-block-group-is-layout-flex\" style=\"border-color:#f17020;border-width:2px;border-radius:10px;padding-top:var(--wp--preset--spacing--40);padding-right:var(--wp--preset--spacing--30);padding-bottom:var(--wp--preset--spacing--40);padding-left:var(--wp--preset--spacing--30)\">\n<div class=\"wp-block-group is-layout-constrained wp-block-group-is-layout-constrained\">\n<p class=\"has-text-align-center\" style=\"padding-right:0;padding-left:0;font-size:16px\"><strong>Durant cet atelier de 4h, vous apprendrez comment tricoter un pull en Top-Down<\/strong> :<\/p>\n\n\n\n<ul style=\"margin-top:var(--wp--preset--spacing--20);margin-bottom:var(--wp--preset--spacing--20)\" class=\"wp-block-list\">\n<li style=\"font-size:14px\"><strong>Tricoter en circulaire, sans couture, de haut en bas<\/strong><\/li>\n\n\n\n<li style=\"font-size:14px\"><strong>Apprendre la technique du Magic Loop<\/strong><\/li>\n<\/ul>\n\n\n\n<hr class=\"wp-block-separator has-alpha-channel-opacity\" style=\"margin-top:var(--wp--preset--spacing--20);margin-bottom:var(--wp--preset--spacing--20)\"\/>\n\n\n\n<p class=\"has-text-align-center\" style=\"margin-top:var(--wp--preset--spacing--20);margin-bottom:var(--wp--preset--spacing--20);font-size:16px\">L&rsquo;atelier se fait en petit groupe de 3 \u00e0 4 personnes maximum.<\/p>\n\n\n\n<hr class=\"wp-block-separator has-alpha-channel-opacity\" style=\"margin-top:var(--wp--preset--spacing--20);margin-bottom:var(--wp--preset--spacing--20)\"\/>\n\n\n\n<p class=\"has-text-align-center\" style=\"font-size:16px\">Pour profiter pleinement de l&rsquo;atelier <strong><mark style=\"background-color:rgba(0, 0, 0, 0)\" class=\"has-inline-color has-tertiary-color\">il faut avoir quelques bases<\/mark><\/strong> (monter des mailles, mailles envers, mailles endroit)<\/p>\n\n\n\n<div class=\"wp-block-group has-border-color has-tertiary-border-color is-vertical is-content-justification-center is-layout-flex wp-container-core-group-is-layout-42d91020 wp-block-group-is-layout-flex\" style=\"border-style:dotted;border-width:2px;border-radius:7px;padding-top:var(--wp--preset--spacing--20);padding-right:var(--wp--preset--spacing--20);padding-bottom:var(--wp--preset--spacing--20);padding-left:var(--wp--preset--spacing--20)\">\n<p class=\"has-text-align-center has-tertiary-color has-text-color has-link-color wp-elements-70610bb557ec45f74d1214a7698accf3\" style=\"font-size:1rem\"><strong>Mat\u00e9riel n\u00e9cessaire <\/strong>: <\/p>\n\n\n\n<ul class=\"wp-block-list\">\n<li style=\"font-size:16px\">Une <strong>aiguille circulaire<\/strong> de <strong>4 \u00e0 5mm <\/strong>avec un c\u00e2ble d&rsquo;au moins <strong>80cm<\/strong><\/li>\n\n\n\n<li style=\"font-size:16px\">Laine <strong>adapt\u00e9e \u00e0 la taille de l&rsquo;aiguille <\/strong><\/li>\n<\/ul>\n\n\n\n<p class=\"has-text-align-center\" style=\"font-size:16px\">Venez avec <strong>votre mat\u00e9riel<\/strong> ou dites-moi si vous pr\u00e9f\u00e9rez que <strong>je vous le fournisse<\/strong> (pr\u00e9voir un suppl\u00e9ment de 3 \u00e0 15chf selon le mat\u00e9riel utilis\u00e9) ou <strong>vous le pr\u00eate<\/strong>.<\/p>\n<\/div>\n\n\n\n<div class=\"wp-block-group is-layout-constrained wp-block-group-is-layout-constrained\">\n<div class=\"wp-block-group has-border-color is-layout-constrained wp-container-core-group-is-layout-e0082cf6 wp-block-group-is-layout-constrained\" style=\"border-color:#f17020;border-style:dotted;border-width:2px;border-radius:5px\">\n<p class=\"has-text-align-center has-tertiary-color has-text-color has-link-color wp-elements-58d0f1e27394d94a78014f632cd8e9b9\" style=\"margin-right:0;margin-left:0;padding-right:0;padding-left:0;font-size:1.5rem\"><strong>Tarif : 80 CHF<\/strong><\/p>\n\n\n\n<p class=\"has-text-align-center has-link-color wp-elements-a2fbd2ce08c0307264c3703e1f5bb38e\" style=\"margin-right:0;margin-left:0;padding-right:0;padding-left:0;font-size:18px\"><strong>Le paiement se fait sur place en cash ou par twint.<\/strong><\/p>\n<\/div>\n<\/div>\n\n\n\n<hr class=\"wp-block-separator has-alpha-channel-opacity\"\/>\n\n\n\n<p class=\"has-text-align-center\" style=\"font-size:16px\">L&rsquo;atelier a lieu d\u00e8s 2 personnes inscrites.<\/p>\n\n\n\n<hr class=\"wp-block-separator has-alpha-channel-opacity\" style=\"margin-bottom:0\"\/>\n\n\n\n<p class=\"has-text-align-center\" style=\"margin-top:var(--wp--preset--spacing--30);font-size:16px\"><strong>Les cours ont lieu \u00e0<\/strong>&nbsp; <a href=\"https:\/\/www.google.ch\/maps\/place\/Grandvaux,+Bourg-en-Lavaux\/@46.4829567,6.6818155,13z\/data=!3m1!4b1!4m6!3m5!1s0x478c28bce6155141:0xd5225e599a268e95!8m2!3d46.5030476!4d6.7215736!16zL20vMDJzOGN3?hl=fr&amp;entry=ttu&amp;g_ep=EgoyMDI1MDEyNy4wIKXMDSoASAFQAw%3D%3D\" target=\"_blank\" rel=\"noreferrer noopener\">Grandvaux<\/a>.<\/p>\n\n\n\n<p class=\"has-text-align-center\" style=\"margin-top:var(--wp--preset--spacing--20);font-size:16px\">L\u2019adresse exacte est confirm\u00e9e quelques jours avant le cours ou l\u2019atelier.<\/p>\n\n\n\n<hr class=\"wp-block-separator has-alpha-channel-opacity\" style=\"margin-top:var(--wp--preset--spacing--30)\"\/>\n\n\n\n<p class=\"has-text-align-center has-tertiary-color has-text-color has-link-color wp-elements-653b8de027c79d20ee2fe8f7e5047a16\" style=\"font-size:1.3rem;font-style:normal;font-weight:800\">Inscription<\/p>\n\n\n<div class=\"wp-block-jetpack-contact-form is-style-outlined is-layout-flex wp-container-jetpack-contact-form-is-layout-dfafd422 wp-block-jetpack-contact-form-is-layout-flex\"><a href=\"https:\/\/www.jetricotetutricotes.ch\/index.php\/les-ateliers\/atelier-tricot-circulaire\/\" target=\"_blank\" rel=\"noopener noreferrer\">Soumettre un formulaire.<\/a><\/div><\/div>\n<\/div>\n","protected":false},"excerpt":{"rendered":"<p>TRICOTER EN CIRCULAIRE : Le pull Top-Down PROCHAIN ATELIER Dimanche 8 Mars 13h30 \u00e0 17h30 COMPLET Samedi 11 Avril 13h30 \u00e0 17h30 Durant cet atelier de 4h, vous apprendrez comment tricoter un pull en Top-Down : L&rsquo;atelier se fait en petit groupe de 3 \u00e0 4 personnes maximum. Pour profiter pleinement de l&rsquo;atelier il faut [&hellip;]<\/p>\n","protected":false},"author":1,"featured_media":0,"parent":354,"menu_order":0,"comment_status":"closed","ping_status":"closed","template":"","meta":{"advanced_seo_description":"","jetpack_seo_html_title":"","jetpack_seo_noindex":false,"footnotes":""},"class_list":["post-656","page","type-page","status-publish","hentry"],"jetpack_sharing_enabled":true,"_links":{"self":[{"href":"https:\/\/www.jetricotetutricotes.ch\/index.php\/wp-json\/wp\/v2\/pages\/656","targetHints":{"allow":["GET"]}}],"collection":[{"href":"https:\/\/www.jetricotetutricotes.ch\/index.php\/wp-json\/wp\/v2\/pages"}],"about":[{"href":"https:\/\/www.jetricotetutricotes.ch\/index.php\/wp-json\/wp\/v2\/types\/page"}],"author":[{"embeddable":true,"href":"https:\/\/www.jetricotetutricotes.ch\/index.php\/wp-json\/wp\/v2\/users\/1"}],"replies":[{"embeddable":true,"href":"https:\/\/www.jetricotetutricotes.ch\/index.php\/wp-json\/wp\/v2\/comments?post=656"}],"version-history":[{"count":35,"href":"https:\/\/www.jetricotetutricotes.ch\/index.php\/wp-json\/wp\/v2\/pages\/656\/revisions"}],"predecessor-version":[{"id":1816,"href":"https:\/\/www.jetricotetutricotes.ch\/index.php\/wp-json\/wp\/v2\/pages\/656\/revisions\/1816"}],"up":[{"embeddable":true,"href":"https:\/\/www.jetricotetutricotes.ch\/index.php\/wp-json\/wp\/v2\/pages\/354"}],"wp:attachment":[{"href":"https:\/\/www.jetricotetutricotes.ch\/index.php\/wp-json\/wp\/v2\/media?parent=656"}],"curies":[{"name":"wp","href":"https:\/\/api.w.org\/{rel}","templated":true}]}}